{"id":2,"date":"2021-06-09T18:21:33","date_gmt":"2021-06-09T18:21:33","guid":{"rendered":"http:\/\/luispinocuatro.com\/wp\/?page_id=2"},"modified":"2022-07-08T18:53:52","modified_gmt":"2022-07-08T18:53:52","slug":"luis-pino","status":"publish","type":"page","link":"https:\/\/luispinocuatro.com\/","title":{"rendered":"Luis Pino"},"content":{"rendered":"\n<p class=\"has-text-align-center\"><strong><mark style=\"background-color:#c0b283\" class=\"has-inline-color\">y el arte de las cuatro cuerdas<\/mark><\/strong><\/p>\n\n\n\n<p>Un solista con personalidad y sonido propio, un acompa\u00f1ante elegante, un docente que ha trabajado durante a\u00f1os por compartir lo que sabe, un productor y promotor de la m\u00fasica venezolana dentro y fuera del pa\u00eds. Luis Pino es un artista del cuatro con casi tres d\u00e9cadas de trayectoria y crecimiento integral como int\u00e9rprete, divulgador y promotor de la m\u00fasica y la sonoridad de Venezuela. Un destacad\u00edsimo ejecutante que, conocedor y respetuoso de la tradici\u00f3n, ha logrado alcanzar un sonido personal y caracter\u00edstico, uno que lo distingue y le ha ganado un espacio propio entre el nutrido grupo de cuatristas que en los \u00faltimos a\u00f1os han sabido dar tantas glorias al instrumento nacional. El cuatro en las manos de Luis Pino tiene un sonido hondo, limpio y claro, en el que cada nota tiene su lugar y todas suenan con una precisi\u00f3n que cautiva e impresiona a quien lo escucha. Un sonido en el que el car\u00e1cter r\u00edtmico y percutivo del instrumento no opaca jam\u00e1s su limpieza arm\u00f3nica ni sus posibilidades mel\u00f3dicas.<\/p>\n\n\n\n<p>Su carrera musical comenz\u00f3 muy temprano, cuando a\u00fan siendo ni\u00f1o dio su primer concierto y supo que quer\u00eda ser cuatrista para siempre. Y luego alz\u00f3 vuelo de la mano del maestro Cheo Hurtado, leyenda del cuatro en Venezuela, quien fue su maestro, mentor y gu\u00eda, y de quien aprendi\u00f3 los secretos del instrumento y los intrincados caminos de su ejecuci\u00f3n, para luego seguir adelante descubri\u00e9ndolos por s\u00ed mismo y construy\u00e9ndolos para el futuro. En las manos de Luis se descubre la herencia de la escuela de Cheo Hurtado, de la cual es uno de sus m\u00e1s destacados representantes, pero tambi\u00e9n la propuesta propia y las b\u00fasquedas personales que ampl\u00edan horizontes y abren nuevos caminos.<\/p>\n\n\n\n<p>Como solista, Luis privilegia la sobriedad de quien domina el instrumento y, aunque capaz de los m\u00e1s sonoros y deslumbrantes virtuosismos, prefiere la claridad que transmite y los giros que sorprenden. Esto lo ha llevado por importantes escenarios de Venezuela y el mundo, adem\u00e1s de editar varias producciones discogr\u00e1ficas en las que ha explorado la riqueza del instrumento desde su muy particular sensibilidad. Es un solista que sabe administrar su capacidad t\u00e9cnica para producir ejecuciones limpias y sonoras, que agradan y complacen a los m\u00e1s exigentes escuchas.<\/p>\n\n\n\n<p>Como acompa\u00f1ante, ha sabido tambi\u00e9n ceder el protagonismo a gran diversidad de solistas, impulsando y renovando la tradici\u00f3n acompa\u00f1ante del instrumento. Por esa raz\u00f3n ha sido invitado a tocar con muchas de las grandes figuras de la m\u00fasica de Venezuela y Am\u00e9rica Latina como <strong>Sim\u00f3n D\u00edaz, Cheo Hurtado, Luis Julio Toro, Serenata Guayanesa, Ensamble Gurruf\u00edo, Camerata Criolla, La Orquesta Sinf\u00f3nica de Venezuela, Cecilia Todd, Ismael Querales, Jos\u00e9 Antonio Naranjo, El Piano Llanero, Celso Duarte, Pancho Amat, Trio Nueva Colombia, los hermanos Colon Sayas y el Cuarteto de Guitarras del Uruguay.&nbsp;<\/strong><\/p>\n\n\n\n<p>Pero quiz\u00e1s donde mejor se dejan ver los rasgos que definen su car\u00e1cter es en el trabajo que dedica a otros a trav\u00e9s de la producci\u00f3n y la docencia. En esos campos se ha dedicado a la promoci\u00f3n de la m\u00fasica de Venezuela en todos los \u00e1mbitos, desde la producci\u00f3n de espect\u00e1culos junto al maestro Miguel \u00c1ngel Bosch, la promoci\u00f3n de nuevas generaciones de cuatristas trabajando junto al maestro Cheo Hurtado en La Siembra del Cuatro, hasta la incansable, modesta e imprescindible tarea de formar nuevos ejecutantes en los caminos del instrumento. All\u00ed se reconoce su desinteresado esfuerzo por mantener, transmitir y alimentar la tradici\u00f3n musical venezolana.<\/p>\n\n\n\n<p>Luis Pino es una relevante figura del cuatro de Venezuela. Su trabajo y trayectoria sirven de v\u00ednculo entre los grandes maestros y los nuevos ejecutantes, con una propuesta al mismo tiempo actual y de marcada ra\u00edz tradicional. Cultor, creador e int\u00e9rprete, Luis Pino enriquece d\u00eda a d\u00eda el arte de las cuatro cuerdas.<\/p>\n\n\n\n<p class=\"has-text-align-right\">Joel Bracho Ghersi<\/p>\n\n\n\n<p class=\"has-text-align-right\">Panam\u00e1, septiembre de 2021<\/p>\n","protected":false},"excerpt":{"rendered":"<p>y el arte de las cuatro cuerdas Un solista con personalidad y sonido propio, un acompa\u00f1ante elegante, un docente que ha trabajado durante a\u00f1os por compartir lo que sabe, un<a href=\"https:\/\/luispinocuatro.com\/\" class=\"more-link\"><span class=\"readmore\">Seguir leyendo<span class=\"screen-reader-text\">Luis Pino<\/span><\/span><\/a><\/p>\n","protected":false},"author":1,"featured_media":0,"parent":0,"menu_order":0,"comment_status":"closed","ping_status":"closed","template":"","meta":{"om_disable_all_campaigns":false,"_monsterinsights_skip_tracking":false,"_monsterinsights_sitenote_active":false,"_monsterinsights_sitenote_note":"","_monsterinsights_sitenote_category":0},"_links":{"self":[{"href":"https:\/\/luispinocuatro.com\/index.php\/wp-json\/wp\/v2\/pages\/2"}],"collection":[{"href":"https:\/\/luispinocuatro.com\/index.php\/wp-json\/wp\/v2\/pages"}],"about":[{"href":"https:\/\/luispinocuatro.com\/index.php\/wp-json\/wp\/v2\/types\/page"}],"author":[{"embeddable":true,"href":"https:\/\/luispinocuatro.com\/index.php\/wp-json\/wp\/v2\/users\/1"}],"replies":[{"embeddable":true,"href":"https:\/\/luispinocuatro.com\/index.php\/wp-json\/wp\/v2\/comments?post=2"}],"version-history":[{"count":0,"href":"https:\/\/luispinocuatro.com\/index.php\/wp-json\/wp\/v2\/pages\/2\/revisions"}],"wp:attachment":[{"href":"https:\/\/luispinocuatro.com\/index.php\/wp-json\/wp\/v2\/media?parent=2"}],"curies":[{"name":"wp","href":"https:\/\/api.w.org\/{rel}","templated":true}]}}